{"id":28,"date":"2020-03-03T23:24:35","date_gmt":"2020-03-03T22:24:35","guid":{"rendered":"http:\/\/xn--altas-fta.com\/index.php\/page-5\/"},"modified":"2026-01-11T14:29:41","modified_gmt":"2026-01-11T13:29:41","slug":"page-5","status":"publish","type":"page","link":"https:\/\/xn--altas-fta.com\/index.php\/page-5\/","title":{"rendered":"info fuite mazout"},"content":{"rendered":"<div class=\"nicepage-container\"><div class=\"\" style=\"\" >        <script>\n            (function ($) {\n                var ResponsiveCms = window.ResponsiveCms;\n                if (!ResponsiveCms) {\n                    return;\n                }\n                ResponsiveCms.contentDom = $('script:last').parent();\n                ResponsiveCms.prevMode = \"XL\";\n\n                if (typeof ResponsiveCms.recalcClasses === 'function') {\n                    ResponsiveCms.recalcClasses();\n                }\n            })(jQuery);\n        <\/script>\n        \n    \n    <section class=\"u-black u-clearfix u-section-2\" id=\"sec-fe42\">\n      <div class=\"u-clearfix u-sheet u-sheet-1\">\n        <div class=\"data-layout-selected u-clearfix u-expanded-width u-gutter-10 u-layout-wrap u-layout-wrap-1\">\n          <div class=\"u-layout\" style=\"\">\n            <div class=\"u-layout-row\" style=\"\">\n              <div class=\"u-align-left u-container-align-left u-container-style u-image u-layout-cell u-left-cell u-size-30 u-size-xs-60 u-image-1\" src=\"\" style=\"background-image: url(&quot;https:\/\/xn--altas-fta.com\/wp-content\/uploads\/2020\/03\/remplacement_cuve_mazout_enterree225x300.jpg&quot;);\">\n                <div class=\"u-container-layout u-valign-middle u-container-layout-1\" src=\"\"><\/div>\n              <\/div>\n              <div class=\"u-align-center u-black u-container-align-center u-container-align-left u-container-style u-layout-cell u-right-cell u-size-30 u-size-xs-60 u-layout-cell-2\">\n                <div class=\"u-container-layout u-container-layout-2\">\n                  <h2 class=\"u-text u-text-1\">Fuite de citerne \u00e0 mazout<\/h2>\n                  <p class=\"u-text u-text-white u-text-2\"> Gr\u00e2ce \u00e0 son exp\u00e9rience de terrain et sa parfaite ma\u00eetrise des obligations r\u00e9gionales en vigueur, Alta\u00efs votre partenaire id\u00e9al pour une gestion optimale et pragmatique de vos terrains potentiellement pollu\u00e9s. Alta\u00efs vous accompagne et apporte des solutions simples et sur mesure \u00e0 chaque \u00e9tape de votre projet. <br>Qui appeler en cas de fuite sur une citerne \u00e0 mazout ? <br>Vous devez dans un premier temps contacter un&nbsp; <a href=\"http:\/\/dvfcuve.be\/\" target=\"_blank\" rel=\"noopener noreferrer\">professionnel sp\u00e9cialis\u00e9 dans les cuves \u00e0 mazout, d\u00e9pollution et sinistre mazout<\/a>. <br>Vous devez \u00e9galement appeler votre agence d\u2019assurance et signaler le probl\u00e8me. Il faut savoir que certains contrats d\u2019assurance habitation couvrent la citerne \u00e0 mazout ainsi que le mazout stock\u00e9. Cela aidera \u00e0 g\u00e9rer les co\u00fbts engendr\u00e9s par un diagnostic, un remplacement et un nettoyage.Si la citerne \u00e0 mazout fuit depuis un certain temps et que le mazout s\u2019est infiltr\u00e9 dans le sol, les cons\u00e9quences sont plus importantes qu\u2019un simple nettoyage. <br>Le sol voire la nappe phr\u00e9atique situ\u00e9s \u00e0 proximit\u00e9 de votre r\u00e9servoir sont certainement pollu\u00e9s, ce qui pourrait avoir une incidence sur les ressources en eau et la faune. \n                  <\/p>\n                <\/div>\n              <\/div>\n            <\/div>\n          <\/div>\n        <\/div>\n      <\/div>\n    <\/section>\n    <section class=\"u-black u-clearfix u-section-3\" id=\"carousel_b03b\">\n      <div class=\"u-clearfix u-sheet u-sheet-1\">\n        <div class=\"data-layout-selected u-clearfix u-expanded-width u-gutter-10 u-layout-wrap u-layout-wrap-1\">\n          <div class=\"u-layout\" style=\"\">\n            <div class=\"u-layout-row\" style=\"\">\n              <div class=\"u-align-left u-container-align-left u-container-style u-image u-layout-cell u-left-cell u-size-30 u-size-xs-60 u-image-1\" src=\"\" style=\"background-image: url(&quot;https:\/\/xn--altas-fta.com\/wp-content\/uploads\/2020\/03\/63758942.jpg&quot;);\">\n                <div class=\"u-container-layout u-valign-middle u-container-layout-1\" src=\"\"><\/div>\n              <\/div>\n              <div class=\"u-align-center u-black u-container-align-center u-container-style u-layout-cell u-right-cell u-size-30 u-size-xs-60 u-layout-cell-2\">\n                <div class=\"u-container-layout u-container-layout-2\">\n                  <h2 class=\"u-text u-text-1\">PROMAZ<\/h2>\n                  <p class=\"u-text u-text-white u-text-2\">Le Fonds Promaz, actuellement en cours d'\u00e9laboration, pr\u00e9voit une intervention financi\u00e8re, pour l'assainissement des sols pollu\u00e9s lors d'\u00e9panchements de r\u00e9servoirs de mazout de chauffage. Le principe de fonctionnement serait similaire \u00e0 celui de&nbsp;<a href=\"http:\/\/bofas.be\/index.php?page=home&amp;lang=fr\" target=\"_blank\" title=\"Site BOFAS\">BOFAS<\/a>&nbsp;. Il est possible d'obtenir plus d'informations en s'inscrivant sur le site&nbsp;<a href=\"https:\/\/promaz.be\/?lang=fr\">PROMAZ. <\/a>\n                  <\/p>\n                  <a href=\"https:\/\/xn--altas-fta.com\/\" class=\"u-border-none u-btn u-btn-round u-button-style u-hover-palette-3-base u-palette-2-base u-radius u-btn-1\">Home <\/a>\n                <\/div>\n              <\/div>\n            <\/div>\n          <\/div>\n        <\/div>\n      <\/div>\n    <\/section>\n    \n    \n    \n  \n<\/div><\/div>","protected":false},"excerpt":{"rendered":"<p>Fuite de citerne \u00e0 mazout Gr\u00e2ce \u00e0 son exp\u00e9rience de terrain et sa parfaite ma\u00eetrise des obligations r\u00e9gionales en vigueur, Alta\u00efs votre partenaire id\u00e9al pour une gestion optimale et pragmatique de vos terrains potentiellement pollu\u00e9s. Alta\u00efs vous accompagne et apporte des solutions simples et sur mesure \u00e0 chaque \u00e9tape de votre projet. Qui appeler en &hellip; <a href=\"https:\/\/xn--altas-fta.com\/index.php\/page-5\/\" class=\"more-link\">Continue reading<span class=\"screen-reader-text\"> \u00ab\u00a0info fuite mazout\u00a0\u00bb<\/span><\/a><\/p>\n","protected":false},"author":1,"featured_media":0,"parent":0,"menu_order":4,"comment_status":"closed","ping_status":"closed","template":"","meta":{"footnotes":""},"class_list":["post-28","page","type-page","status-publish","hentry"],"jetpack_sharing_enabled":true,"_links":{"self":[{"href":"https:\/\/xn--altas-fta.com\/index.php\/wp-json\/wp\/v2\/pages\/28","targetHints":{"allow":["GET"]}}],"collection":[{"href":"https:\/\/xn--altas-fta.com\/index.php\/wp-json\/wp\/v2\/pages"}],"about":[{"href":"https:\/\/xn--altas-fta.com\/index.php\/wp-json\/wp\/v2\/types\/page"}],"author":[{"embeddable":true,"href":"https:\/\/xn--altas-fta.com\/index.php\/wp-json\/wp\/v2\/users\/1"}],"replies":[{"embeddable":true,"href":"https:\/\/xn--altas-fta.com\/index.php\/wp-json\/wp\/v2\/comments?post=28"}],"version-history":[{"count":9,"href":"https:\/\/xn--altas-fta.com\/index.php\/wp-json\/wp\/v2\/pages\/28\/revisions"}],"predecessor-version":[{"id":5009,"href":"https:\/\/xn--altas-fta.com\/index.php\/wp-json\/wp\/v2\/pages\/28\/revisions\/5009"}],"wp:attachment":[{"href":"https:\/\/xn--altas-fta.com\/index.php\/wp-json\/wp\/v2\/media?parent=28"}],"curies":[{"name":"wp","href":"https:\/\/api.w.org\/{rel}","templated":true}]}}