{"id":29,"date":"2020-03-03T23:24:36","date_gmt":"2020-03-03T22:24:36","guid":{"rendered":"http:\/\/xn--altas-fta.com\/index.php\/page-3\/"},"modified":"2026-01-11T13:33:45","modified_gmt":"2026-01-11T12:33:45","slug":"page-3","status":"publish","type":"page","link":"https:\/\/xn--altas-fta.com\/index.php\/page-3\/","title":{"rendered":"info permis"},"content":{"rendered":"<div class=\"nicepage-container\"><div class=\"\" style=\"\" >        <script>\n            (function ($) {\n                var ResponsiveCms = window.ResponsiveCms;\n                if (!ResponsiveCms) {\n                    return;\n                }\n                ResponsiveCms.contentDom = $('script:last').parent();\n                ResponsiveCms.prevMode = \"XL\";\n\n                if (typeof ResponsiveCms.recalcClasses === 'function') {\n                    ResponsiveCms.recalcClasses();\n                }\n            })(jQuery);\n        <\/script>\n        \n    \n    <section class=\"u-clearfix u-section-2\" id=\"sec-c1f5\">\n      <div class=\"u-clearfix u-sheet u-sheet-1\">\n        <div class=\"data-layout-selected u-clearfix u-expanded-width u-gutter-10 u-layout-wrap u-layout-wrap-1\">\n          <div class=\"u-layout\" style=\"\">\n            <div class=\"u-layout-row\" style=\"\">\n              <div class=\"u-align-left u-container-align-left u-container-style u-image u-layout-cell u-left-cell u-size-30 u-size-xs-60 u-image-1\" src=\"\" data-image-width=\"1280\" data-image-height=\"924\" style=\"background-image: url(&quot;https:\/\/xn--altas-fta.com\/wp-content\/uploads\/2020\/03\/57e6d64a435bac14f6da8c7dda79367d1d38d6ed5b586c48702778d6914bc25db1_1280.jpg&quot;);\">\n                <div class=\"u-container-layout u-valign-middle u-container-layout-1\" src=\"\"><\/div>\n              <\/div>\n              <div class=\"u-align-center u-black u-container-style u-layout-cell u-right-cell u-size-30 u-size-xs-60 u-layout-cell-2\">\n                <div class=\"u-container-layout u-container-layout-2\">\n                  <h2 class=\"u-text u-text-1\">Permis d'environnement<\/h2>\n                  <p class=\"u-text u-text-white u-text-2\">Vo\u200bs projets n\u00e9cessitent d\u2019obtenir un permis d\u2019environnement avant d'\u00eatre mis en \u0153uvre ? Mise en exploitation d\u2019un nouvel \u00e9tablissement,&nbsp; <a href=\"http:\/\/www.geolys.be\/fr\/services\/8\/captage-d-eau\">r\u00e9alisation et exploitation d\u2019une prise d\u2019eau<\/a>,&nbsp; <a href=\"http:\/\/www.geolys.be\/fr\/services\/13\/geothermie\">pompe \u00e0 chaleur g\u00e9othermique<\/a>. Gr\u00e2ce \u00e0 son exp\u00e9rience et \u00e0 sa parfaite ma\u00eetrise des obligations r\u00e9gionales en vigueur, Alta\u00efs est le partenaire id\u00e9al pour vous aider \u00e0 obtenir les permis n\u00e9cessaires \u00e0 la r\u00e9alisation de vos projets. Alta\u00efs vous accompagne depuis l\u2019\u00e9laboration des demandes et jusqu\u2019\u00e0 l\u2019obtention de vos permis. \n                  <\/p>\n                  <a href=\"https:\/\/xn--altas-fta.com\/index.php\/page-4\/\" class=\"u-border-none u-btn u-btn-round u-button-style u-hover-palette-3-base u-palette-2-base u-radius u-btn-1\">contactez nous <\/a>\n                <\/div>\n              <\/div>\n            <\/div>\n          <\/div>\n        <\/div>\n      <\/div>\n    <\/section>\n    <section class=\"u-black u-clearfix u-section-3\" id=\"sec-072d\">\n      <div class=\"u-clearfix u-sheet u-sheet-1\">\n        <div class=\"data-layout-selected u-clearfix u-expanded-width u-gutter-10 u-layout-wrap u-layout-wrap-1\">\n          <div class=\"u-layout\" style=\"\">\n            <div class=\"u-layout-row\" style=\"\">\n              <div class=\"u-align-left u-container-align-left u-container-style u-image u-layout-cell u-left-cell u-size-30 u-size-xs-60 u-image-1\" src=\"\" style=\"background-image: url(&quot;https:\/\/xn--altas-fta.com\/wp-content\/uploads\/2020\/03\/unnamed.jpg&quot;);\">\n                <div class=\"u-container-layout u-valign-middle u-container-layout-1\" src=\"\"><\/div>\n              <\/div>\n              <div class=\"u-align-center u-black u-container-style u-layout-cell u-right-cell u-size-30 u-size-xs-60 u-layout-cell-2\" data-href=\"https:\/\/xn--altas-fta.com\/index.php\/page-4\/\">\n                <div class=\"u-container-layout u-valign-top-xl u-container-layout-2\">\n                  <h2 class=\"u-text u-text-1\">Gestion des terres excav\u00e9es et remblais<\/h2>\n                  <p class=\"u-text u-text-2\"> Entrepreneur, ma\u00eetre d\u2019ouvrage, promoteur,\u2026 <br>Choisissez un partenaire efficace et pragmatique pour la gestion des d\u00e9blais et remblais de vos chantiers ! <br>La production de d\u00e9blais \/ remblais est inh\u00e9rente \u00e0 tout projet de g\u00e9nie civil\u2026 <br>Alta\u00efs vous accompagne pour caract\u00e9riser de mani\u00e8re ind\u00e9pendante vos d\u00e9blais et optimiser la gestion des flux intra \/ extra chantier. Alta\u00efs apporte des solutions simples et sur mesure. <br>CARACT\u00c9RISATION DES D\u00c9BLAIS \/ REMBLAIS <br>Alta\u00efs r\u00e9alise les investigations n\u00e9cessaires <br>Plan d\u2019\u00e9chantillonnage adapt\u00e9 aux volumes excav\u00e9s <br>Pr\u00e9l\u00e8vement d\u2019\u00e9chantillon de mani\u00e8re autonome et ind\u00e9pendante <br>Interpr\u00e9tation des r\u00e9sultats selon les fili\u00e8res \n                  <\/p>\n                  <a href=\"\" class=\"u-border-none u-btn u-btn-round u-button-style u-hover-palette-3-base u-palette-2-base u-radius u-btn-1\">contactez&nbsp;nous<span style=\"font-weight: 400;\"><\/span><span style=\"font-weight: 400;\"><span style=\"font-weight: 700;\"><\/span><\/span>\n                  <\/a>\n                <\/div>\n              <\/div>\n            <\/div>\n          <\/div>\n        <\/div>\n      <\/div>\n    <\/section>\n    <section class=\"u-black u-clearfix u-section-4\" id=\"sec-0bfe\">\n      <div class=\"u-clearfix u-sheet u-sheet-1\">\n        <div class=\"data-layout-selected u-clearfix u-expanded-width u-gutter-10 u-layout-wrap u-layout-wrap-1\">\n          <div class=\"u-gutter-0 u-layout\">\n            <div class=\"u-layout-row\">\n              <div class=\"u-size-30 u-size-60-md\">\n                <div class=\"u-layout-col\">\n                  <div class=\"u-align-left u-container-align-left u-container-style u-image u-layout-cell u-left-cell u-size-20 u-image-1\" src=\"\" style=\"background-image: url(&quot;https:\/\/xn--altas-fta.com\/wp-content\/uploads\/2020\/03\/2780515_23.jpg&quot;);\">\n                    <div class=\"u-container-layout u-valign-middle u-container-layout-1\" src=\"\"><\/div>\n                  <\/div>\n                  <div class=\"u-align-left u-container-align-left u-container-style u-image u-layout-cell u-left-cell u-size-40 u-image-2\" src=\"\" style=\"background-image: url(&quot;https:\/\/xn--altas-fta.com\/wp-content\/uploads\/2020\/03\/illu_20140901_2004126201.jpg&quot;);\">\n                    <div class=\"u-container-layout u-valign-middle u-container-layout-2\" src=\"\"><\/div>\n                  <\/div>\n                <\/div>\n              <\/div>\n              <div class=\"u-size-30 u-size-60-md\">\n                <div class=\"u-layout-row\">\n                  <div class=\"u-align-center u-container-style u-layout-cell u-right-cell u-size-60 u-layout-cell-3\">\n                    <div class=\"u-container-layout u-container-layout-3\">\n                      <h2 class=\"u-text u-text-1\">Le projet d'assainissement<\/h2>\n                      <p class=\"u-text u-text-2\">Le projet d'assainissement&nbsp;&nbsp;d\u00e9termine le type et le mode d'ex\u00e9cution&nbsp; de l\u2019assainissement du sol \u00e0 r\u00e9aliser pour atteindre les normes d\u2019assainissement ou \u00e9liminer un accroissement de pollution.&nbsp;<br>Il est r\u00e9alis\u00e9 par un expert en pollution du sol.En pratique L\u2019expert en pollution du sol d\u00e9crit les techniques d\u2019assainissement retenues, apr\u00e8s les avoir compar\u00e9es avec d\u2019autres techniques d\u2019assainissement envisageables quant \u00e0 leurs :&nbsp;efficacit\u00e9 , co\u00fbt et incidences sur l\u2019environnement et&nbsp;d\u00e9lai d\u2019ex\u00e9cution.<br>Le choix des techniques d\u2019assainissement d\u00e9pend de facteurs de terrain concrets tels que la conductivit\u00e9 hydraulique, la nature du sol et des polluants, etc.&nbsp;<br>Pensez aussi \u00e0 joindre une \u00e9tude de stabilit\u00e9 \u00e0 votre projet d\u2019assainissement si les travaux doivent avoir lieu \u00e0 proximit\u00e9 ou sous un immeuble, un trottoir, etc.<br>Si le principe BATNEEC (meilleures technologies disponibles n\u2019entra\u00eenant pas de co\u00fbts excessifs) est invoqu\u00e9, le projet d\u2019assainissement doit se faire suivant la m\u00e9thodologie ad hoc (voir documents utiles).&nbsp;L\u2019expert en pollution du sol pr\u00e9cise \u00e9galement dans le projet d\u2019assainissement :la proc\u00e9dure qui permettra de mesurer les r\u00e9sultats attendus en termes d\u2019exposition des personnes et de l\u2019environnement suite \u00e0 la mise en \u0153uvre de l\u2019assainissement retenu ;<br>le d\u00e9lai dans lequel ces travaux doivent \u00eatre mis en \u0153uvre ;<br>le cas \u00e9ch\u00e9ant, les&nbsp;mesures d\u2019urgence&nbsp;et de suivi \u00e0 prendre.<br>L\u2019expert en pollution du sol est tenu de r\u00e9aliser ce projet d\u2019assainissement conform\u00e9ment aux dispositions du code Wallon en vigueur.\n                      <\/p>\n                      <a href=\"https:\/\/xn--altas-fta.com\/index.php\/page-4\/\" class=\"u-border-none u-btn u-btn-round u-button-style u-hover-palette-3-base u-palette-2-base u-radius u-btn-1\">contactez nous <\/a>\n                    <\/div>\n                  <\/div>\n                <\/div>\n              <\/div>\n            <\/div>\n          <\/div>\n        <\/div>\n      <\/div>\n    <\/section>\n    <section class=\"u-black u-clearfix u-section-5\" id=\"carousel_eeb2\">\n      <div class=\"u-clearfix u-sheet u-sheet-1\">\n        <div class=\"data-layout-selected u-clearfix u-gutter-10 u-layout-wrap u-layout-wrap-1\">\n          <div class=\"u-gutter-0 u-layout\">\n            <div class=\"u-layout-row\">\n              <div class=\"u-size-30 u-size-60-md\">\n                <div class=\"u-layout-col\">\n                  <div class=\"u-align-left u-container-align-left u-container-style u-image u-layout-cell u-left-cell u-size-20 u-image-1\" src=\"\" style=\"background-image: url(&quot;https:\/\/xn--altas-fta.com\/wp-content\/uploads\/2020\/03\/dualtubesampling2.jpg&quot;);\">\n                    <div class=\"u-container-layout u-valign-middle u-container-layout-1\" src=\"\"><\/div>\n                  <\/div>\n                  <div class=\"u-align-left u-container-align-left u-container-style u-image u-layout-cell u-left-cell u-size-40 u-image-2\" src=\"\" data-image-width=\"1919\" data-image-height=\"1440\" style=\"background-image: url(&quot;https:\/\/xn--altas-fta.com\/wp-content\/uploads\/2020\/03\/IMG20200301WA0005-1.jpg&quot;);\">\n                    <div class=\"u-container-layout u-container-layout-2\" src=\"\"><\/div>\n                  <\/div>\n                <\/div>\n              <\/div>\n              <div class=\"u-size-30 u-size-60-md\">\n                <div class=\"u-layout-row\">\n                  <div class=\"u-align-center u-container-style u-layout-cell u-right-cell u-size-60 u-layout-cell-3\">\n                    <div class=\"u-container-layout u-container-layout-3\">\n                      <h2 class=\"u-text u-text-1\">L'AGW \"Terres excav\u00e9es\"<\/h2>\n                      <p class=\"u-text u-text-white u-text-2\">L'AGW \"Terres excav\u00e9es\"&nbsp;INFORMATION IMPORTANTE :&nbsp;<u>\n                          <a href=\"https:\/\/sol.environnement.wallonie.be\/files\/BDES\/Communication\/com_report_AGW_Terres.pdf\">COMMUNIQU\u00c9<\/a><\/u>&nbsp;CONCERNANT LE REPORT DE L\u2019AGW \u00ab TERRES EXCAV\u00c9ES \u00bb&nbsp;L\u2019AGW du 5 juillet 2018 relatif \u00e0 la gestion et \u00e0 la tra\u00e7abilit\u00e9 des terres (<a href=\"http:\/\/dps.environnement.wallonie.be\/home\/legislation\/decret-sols-01032018\/agw-terres-572018.html\" title=\"agw terres\">AGW \u00ab&nbsp;Terres&nbsp;\u00bb<\/a>) entrera pleinement en application au 1er&nbsp;novembre 2019. Cet arr\u00eat\u00e9 s\u2019applique aux terres de d\u00e9blais (mobilis\u00e9es dans le cadre de travaux d\u2019am\u00e9nagement, de construction et de g\u00e9nie civil), aux terres d\u00e9contamin\u00e9es, aux terres v\u00e9g\u00e9tales et aux terres issues de travaux de voirie. Il met en place une proc\u00e9dure de contr\u00f4le de qualit\u00e9 des terres ainsi qu\u2019un syst\u00e8me de tra\u00e7abilit\u00e9 permettant de connaitre leur lieu d\u2019origine et leur site r\u00e9cepteur. La gestion du syst\u00e8me de qualit\u00e9 et de tra\u00e7abilit\u00e9 sera assur\u00e9e par l\u2019<a href=\"http:\/\/www.walterre.be\/\" title=\"walterre\">asbl WALTERRE<\/a>, concessionnaire de service public, d\u00e9sign\u00e9e par le Gouvernement wallon et sous le contr\u00f4le de l\u2019Administration.L\u2019AGW \u00ab&nbsp;Terres&nbsp;\u00bb est accompagn\u00e9 du&nbsp;<a href=\"https:\/\/sol.environnement.wallonie.be\/files\/Document\/Guides\/20190528_GRGT_1.12.pdf\" title=\"20190528_GRGT_1.12.pdf\">Guide de R\u00e9f\u00e9rence relatif \u00e0 la Gestion des Terres (GRGT)<\/a>. Ce guide reprend notamment les protocoles de pr\u00e9l\u00e8vement pour les terres en place ou en andain et pour les terres de voiries et les analyses \u00e0 effectuer. Ces pr\u00e9l\u00e8vements doivent \u00eatre effectu\u00e9s par un pr\u00e9leveur enregistr\u00e9 au sens de l\u2019AGW du 6 d\u00e9cembre 2018 relatif \u00e0 la gestion et \u00e0 l\u2019assainissement des sols.Les experts agr\u00e9\u00e9s dans le cadre des dispositions du d\u00e9cret sols sont reconnus comme pr\u00e9leveur enregistr\u00e9.Il est important de rappeler que, depuis le 1er&nbsp;septembre 2018, le remblayage au moyen de terres et de mati\u00e8res pierreuses naturelles (en fonction du volume remblay\u00e9) est une activit\u00e9 soumise \u00e0 permis d\u2019environnement.\n                      <\/p>\n                      <a href=\"https:\/\/xn--altas-fta.com\/\" class=\"u-border-none u-btn u-btn-round u-button-style u-hover-palette-3-base u-palette-2-base u-radius u-btn-1\">Home <\/a>\n                      <img data-recalc-dims=\"1\" decoding=\"async\" class=\"u-image u-image-3\" src=\"https:\/\/i0.wp.com\/xn--altas-fta.com\/wp-content\/uploads\/2020\/03\/logods1-3.jpg?w=1140&#038;ssl=1\" data-href=\"https:\/\/sol.environnement.wallonie.be\/home\/sols\/presentation-generale-du-decret-sols-2018\/lagw-terres-excavees.html\" data-target=\"_blank\">\n                    <\/div>\n                  <\/div>\n                <\/div>\n              <\/div>\n            <\/div>\n          <\/div>\n        <\/div>\n      <\/div>\n    <\/section>\n    \n    \n    \n  \n<\/div><\/div>","protected":false},"excerpt":{"rendered":"<p>Permis d&rsquo;environnement Vo\u200bs projets n\u00e9cessitent d\u2019obtenir un permis d\u2019environnement avant d&rsquo;\u00eatre mis en \u0153uvre ? Mise en exploitation d\u2019un nouvel \u00e9tablissement,&nbsp; r\u00e9alisation et exploitation d\u2019une prise d\u2019eau,&nbsp; pompe \u00e0 chaleur g\u00e9othermique. Gr\u00e2ce \u00e0 son exp\u00e9rience et \u00e0 sa parfaite ma\u00eetrise des obligations r\u00e9gionales en vigueur, Alta\u00efs est le partenaire id\u00e9al pour vous aider \u00e0 obtenir &hellip; <a href=\"https:\/\/xn--altas-fta.com\/index.php\/page-3\/\" class=\"more-link\">Continue reading<span class=\"screen-reader-text\"> \u00ab\u00a0info permis\u00a0\u00bb<\/span><\/a><\/p>\n","protected":false},"author":1,"featured_media":0,"parent":0,"menu_order":5,"comment_status":"closed","ping_status":"closed","template":"","meta":{"footnotes":""},"class_list":["post-29","page","type-page","status-publish","hentry"],"jetpack_sharing_enabled":true,"_links":{"self":[{"href":"https:\/\/xn--altas-fta.com\/index.php\/wp-json\/wp\/v2\/pages\/29","targetHints":{"allow":["GET"]}}],"collection":[{"href":"https:\/\/xn--altas-fta.com\/index.php\/wp-json\/wp\/v2\/pages"}],"about":[{"href":"https:\/\/xn--altas-fta.com\/index.php\/wp-json\/wp\/v2\/types\/page"}],"author":[{"embeddable":true,"href":"https:\/\/xn--altas-fta.com\/index.php\/wp-json\/wp\/v2\/users\/1"}],"replies":[{"embeddable":true,"href":"https:\/\/xn--altas-fta.com\/index.php\/wp-json\/wp\/v2\/comments?post=29"}],"version-history":[{"count":13,"href":"https:\/\/xn--altas-fta.com\/index.php\/wp-json\/wp\/v2\/pages\/29\/revisions"}],"predecessor-version":[{"id":5012,"href":"https:\/\/xn--altas-fta.com\/index.php\/wp-json\/wp\/v2\/pages\/29\/revisions\/5012"}],"wp:attachment":[{"href":"https:\/\/xn--altas-fta.com\/index.php\/wp-json\/wp\/v2\/media?parent=29"}],"curies":[{"name":"wp","href":"https:\/\/api.w.org\/{rel}","templated":true}]}}